{"id":119,"date":"2015-09-23T19:28:35","date_gmt":"2015-09-23T19:28:35","guid":{"rendered":"http:\/\/www.evelynsrealestate.com\/?page_id=119"},"modified":"2015-09-23T19:29:24","modified_gmt":"2015-09-23T19:29:24","slug":"casa-de-campo","status":"publish","type":"page","link":"https:\/\/www.evelynsrealestate.com\/index.php\/casa-de-campo\/","title":{"rendered":"Casa de Campo"},"content":{"rendered":"<h2>La Historia de Casa de Campo <small><\/small><\/h2>\n<div class=\"node-content\">\n<div class=\"field field-name-body field-type-text-with-summary field-label-hidden\">\n<div class=\"field-items\">\n<div class=\"field-item even\">\n<hr \/>\n<p>En 1960 el Se\u00f1or Alvaro Carta sali\u00f3 de la Cuba comunista para vivir en Miami. A finales de 1960 fue a la Rep\u00fablica Dominicana para operar la Compa\u00f1\u00eda Puerto Rico Sugar que estaba en problemas. Con el gran apoyo financiero del emporio Gulf &amp; Western, encabezado por Charles Bludhorn, Carta form\u00f3 una nueva divisi\u00f3n conocida como Americas Gulf &amp; Western.<\/p>\n<p>El Ingenio de Az\u00facar en la ciudad de La Romana de pronto se convirti\u00f3 en el campo de m\u00e1s producci\u00f3n del mundo y Carta empez\u00f3 a considerar opciones de inversi\u00f3n para los millones de d\u00f3lares que entraban a la Gulf &amp; Western cada a\u00f1o. Quer\u00eda tomar el dinero ganado en este pa\u00eds y crear una nueva industria, desarrollando \u00e1reas empobrecidas y mejorando las condiciones econ\u00f3micas de su gente. Apunt\u00f3 hacia la industria del turismo y empez\u00f3 a buscar tierras para construir un magnifico resort con un campo de golf.<\/p>\n<p>Carta trajo al famoso dise\u00f1ador de campo de golf Pete Dye para que le asistiera localizando el lugar perfecto. Despu\u00e9s de dibujar planos para un \u00e1rea fuera de Santo Domingo, Dye pregunt\u00f3 si hab\u00eda locaciones alternas. Carta, renuente a esto, le sugiri\u00f3 que hab\u00eda un \u00e1rea cerca del campo de ca\u00f1a de La Romana que era muy seco para crecer plantas de ca\u00f1a y de vegetaci\u00f3n muy seca para el ganado. Carta y Dye se aventuraron a mirar el sitio.<\/p>\n<p>Dye empez\u00f3 construyendo un Campo Ejecutivo en el \u00e1rea para que jugaran empleados del Ingenio. Pero explorando la l\u00ednea costera, Dye descubri\u00f3 que algo verdaderamente extraordinario pod\u00eda ser creado all\u00ed.<\/p>\n<p>Al a\u00f1o siguiente, m\u00e1s de trescientos dominicanos moldearon un campo cerca del mar. El campo fue creado con el uso de la fuerza del hombre, en vez de caballos de fuerza, debido a que el costo de importar maquinarias era prohibitivo. La tierra, cubierta con gruesa maleza subterr\u00e1nea, \u00e1rboles tropicales con troncos fuertes, grandes rocas y cactus fue limpiada por los labradores quienes agarraban sus machetes y esclarec\u00edan la tierra. El equipo de trabajo uso martillos, picos y cinceles para romper la roca de coral. La tierra fue llevada en carretas desde tierra adentro, por carros de ca\u00f1a empujados por un buey y transportados al \u00e1rea del campo de golf. La capa superior del suelo fue creado con cachaza, un producto derivado de la ca\u00f1a de az\u00facar. El campo de golf fue nombrado originalmente Cajuiles, en referencia a los bellos \u00e1rboles de cajuiles que crec\u00edan en las monta\u00f1as. El nombre fue cambiado a \u201cDiente de Perro\u201d cuando Dye escucho a los nativos referirse a la roca de coral como \u201cDiente de Perro\u201d, como la apariencia afilada de los dientes de un canino.<\/p>\n<p>En el oto\u00f1o del 1971, el campo del golf de 18 hoyos Diente de Perro, con siete hoyos en el Mar Caribe estaba listo para jugar. Un aeropuerto internacional fue construido en Casa de Campo para acomodar los muchos presidentes corporativos que llegaban v\u00eda jets privados para vacacionar aqu\u00ed.<\/p>\n<p>En 1974, el resort Casa de Campo abri\u00f3 como sitio exclusivo para Gulf &amp; Western y su \u201cDiente de Perro\u201d fue anfitri\u00f3n del Campeonato Mundial de Equipos Novatos. En la misma \u00e9poca, el fenecido Pr\u00edncipe hind\u00fa Maharajah Jabar Singh, uno de los mejores jugadores de polo en el mundo, fue invitado para que introduzca el polo a este resort nuevo. Singh organiz\u00f3 el polo y empez\u00f3 a criar y entrenar caballos de polo para la Gulf &amp; Western.<\/p>\n<p>El tennis fue a\u00f1adido como una atracci\u00f3n para los hu\u00e9spedes que tomaban sus vacaciones. En 1976 el campo de golf \u201cLinks\u201d abri\u00f3 para jugar y su construcci\u00f3n empez\u00f3 en una villa encima de una monta\u00f1a dedicada a ser la meca cultural del arte de la Rep\u00fablica Dominicana. En el 1979, el coraz\u00f3n de Altos de Chavon fue completado. La Discoteca G\u00e9nesis abri\u00f3 el 31 de diciembre de 1980 y dos a\u00f1os mas tarde, el 20 de agosto de 1982 Frank Sinatra inaugur\u00f3 el anfiteatro de la villa de estilo greco con 5,000 asientos con un especial televisado por HBO.<\/p>\n<p>La Escuela de Dise\u00f1o de Altos de Chavon abri\u00f3 en el 1983 en afiliaci\u00f3n con la famosa Escuela de Dise\u00f1o Parson de New York.<\/p>\n<p>Extracto de casadecampo.com.do<\/p>\n<\/div>\n<\/div>\n<\/div>\n<\/div>\n","protected":false},"excerpt":{"rendered":"<p>La Historia de Casa de Campo En 1960 el Se\u00f1or Alvaro Carta sali\u00f3 de la Cuba comunista para vivir en Miami. A finales de 1960 fue a la Rep\u00fablica Dominicana para operar la Compa\u00f1\u00eda Puerto Rico Sugar que estaba en problemas. Con el gran apoyo financiero del emporio Gulf &amp; Western, encabezado por Charles Bludhorn,&#8230;<\/p>\n","protected":false},"author":1,"featured_media":0,"parent":0,"menu_order":0,"comment_status":"closed","ping_status":"closed","template":"","meta":{"footnotes":""},"class_list":["post-119","page","type-page","status-publish","hentry"],"_links":{"self":[{"href":"https:\/\/www.evelynsrealestate.com\/index.php\/wp-json\/wp\/v2\/pages\/119","targetHints":{"allow":["GET"]}}],"collection":[{"href":"https:\/\/www.evelynsrealestate.com\/index.php\/wp-json\/wp\/v2\/pages"}],"about":[{"href":"https:\/\/www.evelynsrealestate.com\/index.php\/wp-json\/wp\/v2\/types\/page"}],"author":[{"embeddable":true,"href":"https:\/\/www.evelynsrealestate.com\/index.php\/wp-json\/wp\/v2\/users\/1"}],"replies":[{"embeddable":true,"href":"https:\/\/www.evelynsrealestate.com\/index.php\/wp-json\/wp\/v2\/comments?post=119"}],"version-history":[{"count":2,"href":"https:\/\/www.evelynsrealestate.com\/index.php\/wp-json\/wp\/v2\/pages\/119\/revisions"}],"predecessor-version":[{"id":122,"href":"https:\/\/www.evelynsrealestate.com\/index.php\/wp-json\/wp\/v2\/pages\/119\/revisions\/122"}],"wp:attachment":[{"href":"https:\/\/www.evelynsrealestate.com\/index.php\/wp-json\/wp\/v2\/media?parent=119"}],"curies":[{"name":"wp","href":"https:\/\/api.w.org\/{rel}","templated":true}]}}