{"id":13,"date":"2015-09-23T04:46:24","date_gmt":"2015-09-23T04:46:24","guid":{"rendered":"http:\/\/www.evelynsrealestate.com\/?page_id=13"},"modified":"2016-05-29T22:50:21","modified_gmt":"2016-05-29T22:50:21","slug":"conocenos","status":"publish","type":"page","link":"https:\/\/www.evelynsrealestate.com\/index.php\/conocenos\/","title":{"rendered":"Con\u00f3cenos"},"content":{"rendered":"<p style=\"text-align: center;\"><a href=\"http:\/\/www.evelynsrealestate.com\/wp-content\/uploads\/2016\/05\/evelyn-profile-pic-web.png\"><img fetchpriority=\"high\" decoding=\"async\" class=\"alignnone size-full wp-image-271\" src=\"http:\/\/www.evelynsrealestate.com\/wp-content\/uploads\/2016\/05\/evelyn-profile-pic-web.png\" alt=\"evelyn profile pic web\" width=\"245\" height=\"235\" srcset=\"https:\/\/www.evelynsrealestate.com\/wp-content\/uploads\/2016\/05\/evelyn-profile-pic-web.png 245w, https:\/\/www.evelynsrealestate.com\/wp-content\/uploads\/2016\/05\/evelyn-profile-pic-web-150x144.png 150w\" sizes=\"(max-width: 245px) 100vw, 245px\" \/><\/a><\/p>\n<hr \/>\n<p style=\"text-align: center;\">Con su representante la <strong>Sra. Evelyn de Marius con mas de 25 a\u00f1os de experiencia<\/strong> en el campo de bienes ra\u00edces.<br \/>\nNuestro prop\u00f3sito principal es proporcionarle todo lo necesario para que usted sea parte de Casa de Campo, \u00a0Para\u00edso Exclusivo del Caribe, como \u00a0esidente privilegiado, como una inversi\u00f3n o simplemente para disfrutar de \u00a0unas merecidas vacaciones. Ofrecemos nuestras especialidades en ventas y alquileres de villas y \u00a0apartamentos. Ventas de solares y administraci\u00f3n de propiedades privadas.<\/p>\n<p class=\"text\" style=\"text-align: center;\">Esperamos que sus sue\u00f1os de inversi\u00f3n, cambio en su estilo de vida o disfrutar de un para\u00edso real, se cumplan<br \/>\nen su totalidad con Evelyns Real Estate. Solo cont\u00e1ctenos y le garantizaremos \u00a0\u201cla mejor asesoria en el mejor lugar\u201d.<\/p>\n<p class=\"text\" style=\"text-align: center;\">Disfrute de nuestra p\u00e1gina con nuestros servicios y gracias por visitarnos, esperando que podamos tener \u00a0el honor de servirle pronto.<\/p>\n","protected":false},"excerpt":{"rendered":"<p>Con su representante la Sra. Evelyn de Marius con mas de 25 a\u00f1os de experiencia en el campo de bienes ra\u00edces. Nuestro prop\u00f3sito principal es proporcionarle todo lo necesario para que usted sea parte de Casa de Campo, \u00a0Para\u00edso Exclusivo del Caribe, como \u00a0esidente privilegiado, como una inversi\u00f3n o simplemente para disfrutar de \u00a0unas merecidas&#8230;<\/p>\n","protected":false},"author":1,"featured_media":0,"parent":0,"menu_order":0,"comment_status":"closed","ping_status":"closed","template":"","meta":{"footnotes":""},"class_list":["post-13","page","type-page","status-publish","hentry"],"_links":{"self":[{"href":"https:\/\/www.evelynsrealestate.com\/index.php\/wp-json\/wp\/v2\/pages\/13","targetHints":{"allow":["GET"]}}],"collection":[{"href":"https:\/\/www.evelynsrealestate.com\/index.php\/wp-json\/wp\/v2\/pages"}],"about":[{"href":"https:\/\/www.evelynsrealestate.com\/index.php\/wp-json\/wp\/v2\/types\/page"}],"author":[{"embeddable":true,"href":"https:\/\/www.evelynsrealestate.com\/index.php\/wp-json\/wp\/v2\/users\/1"}],"replies":[{"embeddable":true,"href":"https:\/\/www.evelynsrealestate.com\/index.php\/wp-json\/wp\/v2\/comments?post=13"}],"version-history":[{"count":5,"href":"https:\/\/www.evelynsrealestate.com\/index.php\/wp-json\/wp\/v2\/pages\/13\/revisions"}],"predecessor-version":[{"id":489,"href":"https:\/\/www.evelynsrealestate.com\/index.php\/wp-json\/wp\/v2\/pages\/13\/revisions\/489"}],"wp:attachment":[{"href":"https:\/\/www.evelynsrealestate.com\/index.php\/wp-json\/wp\/v2\/media?parent=13"}],"curies":[{"name":"wp","href":"https:\/\/api.w.org\/{rel}","templated":true}]}}